{"id":478,"date":"2023-09-12T02:25:07","date_gmt":"2023-09-12T00:25:07","guid":{"rendered":"https:\/\/obiettivocasapisa.it\/?page_id=478"},"modified":"2024-07-24T00:17:59","modified_gmt":"2024-07-23T22:17:59","slug":"consulenza-immobiliare","status":"publish","type":"page","link":"https:\/\/obiettivocasapisa.it\/index.php\/consulenza-immobiliare\/","title":{"rendered":"Consulenza Immobiliare"},"content":{"rendered":"\t\t<div data-elementor-type=\"wp-page\" data-elementor-id=\"478\" class=\"elementor elementor-478\" data-elementor-post-type=\"page\">\n\t\t\t\t<div class=\"elementor-element elementor-element-860249e e-con-full e-flex e-con e-parent\" data-id=\"860249e\" data-element_type=\"container\" data-e-type=\"container\">\n\t\t\t\t<div class=\"elementor-element elementor-element-2214102 elementor-widget elementor-widget-shortcode\" data-id=\"2214102\" data-element_type=\"widget\" data-e-type=\"widget\" data-widget_type=\"shortcode.default\">\n\t\t\t\t<div class=\"elementor-widget-container\">\n\t\t\t\t\t\t\t<div class=\"elementor-shortcode\">\n\t\t\t\t<p class=\"rs-p-wp-fix\"><\/p>\n\t\t\t\t<sr7-module data-alias=\"nostre-proposte-1\" data-id=\"5\" id=\"SR7_5_1\" class=\"rs-ov-hidden\" data-version=\"6.7.52\">\n\t\t\t\t\t<sr7-adjuster><\/sr7-adjuster>\n\t\t\t\t\t<sr7-content>\n\t\t\t\t\t\t<sr7-slide id=\"SR7_5_1-6\" data-key=\"6\">\n\t\t\t\t\t\t\t<sr7-bg id=\"SR7_5_1-6-4\" class=\"sr7-layer\"><noscript><img decoding=\"async\" src=\"https:\/\/obiettivocasapisa.it\/wp-content\/uploads\/2023\/09\/pexels-alena-darmel-7641866-scaled.jpg\" alt=\"\" title=\"pexels-alena-darmel-7641866\"><\/noscript><\/sr7-bg>\n\t\t\t\t\t\t\t<sr7-txt id=\"SR7_5_1-6-3\" class=\"sr7-layer\">Consulenza Immobiliare<\/sr7-txt>\n\t\t\t\t\t\t<\/sr7-slide>\n\t\t\t\t\t\t<sr7-slide id=\"SR7_5_1-18\" data-key=\"18\">\n\t\t\t\t\t\t<\/sr7-slide>\n\t\t\t\t\t<\/sr7-content>\n\t\t\t\t\t<image_lists style=\"display:none\">\n\t\t\t\t\t\t<img data-src=\"\/\/obiettivocasapisa.it\/wp-content\/uploads\/2023\/09\/pexels-alena-darmel-7641866-scaled.jpg\" data-libid=\"484\" data-lib=\"medialibrary\" title=\"pexels-alena-darmel-7641866\" width=\"0\" height=\"0\" data-dbsrc=\"Ly9vYmlldHRpdm9jYXNhcGlzYS5pdC93cC1jb250ZW50L3VwbG9hZHMvMjAyMy8wOS9wZXhlbHMtYWxlbmEtZGFybWVsLTc2NDE4NjYtc2NhbGVkLmpwZw==\"\/>\n\t\t\t\t\t<\/image_lists>\n\t\t\t\t<\/sr7-module>\n\t\t\t\t<script>\n\t\t\t\t\twindow.SR7 ??={};SR7.PMH ??={}; SR7.PMH[\"SR7_5_1\"] = {cn:100,state:false,fn: function() { if (window._tpt!==undefined && window._tpt.prepareModuleHeight !== undefined) {  _tpt.prepareModuleHeight({id:\"SR7_5_1\",el:[900,900,768,960,720],type:'standard',shdw:'0',gh:[900,900,768,960,720],gw:[1240,1240,1024,778,480],vpt:['100px&#039;,&#039;100px&#039;,&#039;100px&#039;,&#039;100px&#039;,&#039;100px'],size:{fullWidth:true, fullHeight:false},mh:'0',onh:0,onw:0,bg:{color:'{\"orig\":\"transparent\",\"type\":\"solid\",\"string\":\"transparent\"}'}});   SR7.PMH[\"SR7_5_1\"].state=true;} else if(SR7.PMH[\"SR7_5_1\"].cn-->0)\tsetTimeout( SR7.PMH[\"SR7_5_1\"].fn,19);}};SR7.PMH[\"SR7_5_1\" ].fn();\n\t\t\t\t<\/script>\n<\/div>\n\t\t\t\t\t\t<\/div>\n\t\t\t\t<\/div>\n\t\t\t\t<\/div>\n\t\t<div class=\"elementor-element elementor-element-cfa3a1b e-flex e-con-boxed e-con e-parent\" data-id=\"cfa3a1b\" data-element_type=\"container\" data-e-type=\"container\">\n\t\t\t\t\t<div class=\"e-con-inner\">\n\t\t\t\t<div class=\"elementor-element elementor-element-c211feb elementor-widget elementor-widget-heading\" data-id=\"c211feb\" data-element_type=\"widget\" data-e-type=\"widget\" data-widget_type=\"heading.default\">\n\t\t\t\t<div class=\"elementor-widget-container\">\n\t\t\t\t\t<h1 class=\"elementor-heading-title elementor-size-default\">Consulenza Immobiliare<\/h1>\t\t\t\t<\/div>\n\t\t\t\t<\/div>\n\t\t\t\t<div class=\"elementor-element elementor-element-4f03d42 elementor-widget elementor-widget-text-editor\" data-id=\"4f03d42\" data-element_type=\"widget\" data-e-type=\"widget\" data-widget_type=\"text-editor.default\">\n\t\t\t\t<div class=\"elementor-widget-container\">\n\t\t\t\t\t\t\t\t\t<h1 align=\"left\"><span style=\"font-size: large;\"><b>Chi \u00e8 il Consulente Immobiliare<\/b><\/span><\/h1><p align=\"left\"><span style=\"font-size: medium;\">Il consulente immobiliare \u00e8 una figura che spesso viene confusa con l\u2019agente immobiliare. In realt\u00e0, le due figure hanno solo <\/span><span style=\"font-size: medium;\">alcuni<\/span><span style=\"font-size: medium;\"> punti in comune:<\/span><\/p><ul><li><p align=\"left\"><span style=\"font-size: medium;\">a<\/span><span style=\"font-size: medium;\">giscono entrambi nel mercato immobiliare <\/span><span style=\"font-size: medium;\">(in modi complementari)<\/span><\/p><\/li><li><p align=\"left\"><span style=\"font-size: medium;\">\u00e9 una figura terza che pu\u00f2 garantire l\u2019investimento e supervisionare tutti gli step di una compravendita o locazione, individuando e risolvendo eventuali problemi e criticit\u00e0 che potrebbero rendere non commerciabile l\u2019immobile.<\/span><\/p><\/li><\/ul><p align=\"left\"><br \/><br \/><\/p><h1 align=\"left\"><span style=\"font-size: large;\"><b>Cosa fa il consulente immobiliare?<\/b><\/span><\/h1><p align=\"left\"><span style=\"font-size: medium;\">Molto semplicemente, assiste il cliente nella compravendite, accompagnandolo in tutte le fasi: <\/span><\/p><ul><li><p align=\"left\"><span style=\"font-size: medium;\">Se il cliente deve comprare: <\/span><span style=\"font-size: medium;\">ricerca dell\u2019immobile, trattativa con l\u2019altra parte, stipula, assolvimento degli oneri burocratici e fiscali.<\/span><\/p><\/li><li><p align=\"left\"><span style=\"font-size: medium;\">Se il cliente deve vendere: ricerca dell\u2019acquirente, verifica della situazione edilizia e catastale dell\u2019immobile, assolvimento oneri burocratici, tecnici e fiscali.<\/span><\/p><\/li><li><p align=\"left\"><span style=\"font-size: medium;\">Se il cliente cerca una casa da locare: ricerca della casa, trattativa, controlli su casa e propriet\u00e0, redazione e stipula e registrazione del contratto di locazione<\/span><\/p><\/li><li><p align=\"left\"><span style=\"font-size: medium;\">Se il cliente deve locare una sua propriet\u00e0: ricerca dell\u2019inquilino, trattativa, controlli sul nuovo inquilino, redazione e stipula e registrazione del contratto di locazione.<\/span><\/p><\/li><\/ul><p align=\"left\"><span style=\"font-size: medium;\">Il consulente immobiliare \u00e8 un professionista di parte, pu\u00f2 e deve fare gli interessi esclusivamente di una delle parti, cio\u00e8 quella che lo ha incaricato di supervisionare il processo immobiliare.<\/span><\/p><p align=\"left\"><br \/><br \/><\/p><h1 align=\"left\"><span style=\"font-size: large;\"><b>I vantaggi della consulenza immobiliare in Agenzia Immobiliare.<\/b><\/span><\/h1><p align=\"left\"><span style=\"font-size: medium;\">L\u2019agente immobiliare \u00e8 un professionista che media tra le parti, \u00e8 imparziale, non parteggia n\u00e9 per il venditore n\u00e9 per il compratore, ne per il locatore, ne per il conduttore.<\/span><\/p><p align=\"left\"><span style=\"font-size: medium;\">Da quanto visto, possiamo dire che un\u2019Agenzia Immobiliare che offre un servizio di c<\/span><span style=\"font-size: medium;\">onsulenza immobiliare <\/span><span style=\"font-size: medium;\">fornisce<\/span><span style=\"font-size: medium;\"> un servizio ad alto valore aggiunto, <\/span><span style=\"font-size: medium;\">perch\u00e9 potr\u00e0 realmente seguire il cliente dall\u2019inizio del processo immobiliare, fino alla conclusione, intesa con la consegna delle chiavi ( se il cliente \u00e8 un acquirente\/Conduttore) o gli assegni ( se il cliente \u00e8 un Venditore\/Locatore), consigliando in ogni passaggio come procedere per quello successivo ed interpellando, qualora servissero, varie figure professionali come: consulenti bancari e di credito, i consulenti assicurativi, i costruttori e gli artigiani, <\/span><span style=\"font-size: medium;\">i costruttori e gli artigiani, gli architetti, <\/span><span style=\"font-size: medium;\">gli <\/span><span style=\"font-size: medium;\">interior designer, <\/span><span style=\"font-size: medium;\">gli home-stager, <\/span><span style=\"font-size: medium;\">i notai, gli avvocati, ecc\u2026, <\/span><span style=\"font-size: medium;\">necessari per concludere il processo immobiliare tra le parti.<\/span><\/p>\t\t\t\t\t\t\t\t<\/div>\n\t\t\t\t<\/div>\n\t\t<div class=\"elementor-element elementor-element-b01e765 e-flex e-con-boxed e-con e-child\" data-id=\"b01e765\" data-element_type=\"container\" data-e-type=\"container\">\n\t\t\t\t\t<div class=\"e-con-inner\">\n\t\t\t\t<div class=\"elementor-element elementor-element-f38d7a3 elementor-align-center elementor-widget elementor-widget-button\" data-id=\"f38d7a3\" data-element_type=\"widget\" data-e-type=\"widget\" data-widget_type=\"button.default\">\n\t\t\t\t<div class=\"elementor-widget-container\">\n\t\t\t\t\t\t\t\t\t<div class=\"elementor-button-wrapper\">\n\t\t\t\t\t<a class=\"elementor-button elementor-button-link elementor-size-xl\" href=\"https:\/\/obiettivocasapisa.it\/\">\n\t\t\t\t\t\t<span class=\"elementor-button-content-wrapper\">\n\t\t\t\t\t\t<span class=\"elementor-button-icon\">\n\t\t\t\t<svg aria-hidden=\"true\" class=\"e-font-icon-svg e-fas-home\" viewBox=\"0 0 576 512\" xmlns=\"http:\/\/www.w3.org\/2000\/svg\"><path d=\"M280.37 148.26L96 300.11V464a16 16 0 0 0 16 16l112.06-.29a16 16 0 0 0 15.92-16V368a16 16 0 0 1 16-16h64a16 16 0 0 1 16 16v95.64a16 16 0 0 0 16 16.05L464 480a16 16 0 0 0 16-16V300L295.67 148.26a12.19 12.19 0 0 0-15.3 0zM571.6 251.47L488 182.56V44.05a12 12 0 0 0-12-12h-56a12 12 0 0 0-12 12v72.61L318.47 43a48 48 0 0 0-61 0L4.34 251.47a12 12 0 0 0-1.6 16.9l25.5 31A12 12 0 0 0 45.15 301l235.22-193.74a12.19 12.19 0 0 1 15.3 0L530.9 301a12 12 0 0 0 16.9-1.6l25.5-31a12 12 0 0 0-1.7-16.93z\"><\/path><\/svg>\t\t\t<\/span>\n\t\t\t\t\t\t\t\t\t<span class=\"elementor-button-text\">Home<\/span>\n\t\t\t\t\t<\/span>\n\t\t\t\t\t<\/a>\n\t\t\t\t<\/div>\n\t\t\t\t\t\t\t\t<\/div>\n\t\t\t\t<\/div>\n\t\t\t\t<div class=\"elementor-element elementor-element-852873d elementor-widget elementor-widget-button\" data-id=\"852873d\" data-element_type=\"widget\" data-e-type=\"widget\" data-widget_type=\"button.default\">\n\t\t\t\t<div class=\"elementor-widget-container\">\n\t\t\t\t\t\t\t\t\t<div class=\"elementor-button-wrapper\">\n\t\t\t\t\t<a class=\"elementor-button elementor-button-link elementor-size-xl\" href=\"https:\/\/obiettivocasapisa.it\/index.php\/ricerca-immobile\/\">\n\t\t\t\t\t\t<span class=\"elementor-button-content-wrapper\">\n\t\t\t\t\t\t<span class=\"elementor-button-icon\">\n\t\t\t\t<svg aria-hidden=\"true\" class=\"e-font-icon-svg e-fas-arrow-right\" viewBox=\"0 0 448 512\" xmlns=\"http:\/\/www.w3.org\/2000\/svg\"><path d=\"M190.5 66.9l22.2-22.2c9.4-9.4 24.6-9.4 33.9 0L441 239c9.4 9.4 9.4 24.6 0 33.9L246.6 467.3c-9.4 9.4-24.6 9.4-33.9 0l-22.2-22.2c-9.5-9.5-9.3-25 .4-34.3L311.4 296H24c-13.3 0-24-10.7-24-24v-32c0-13.3 10.7-24 24-24h287.4L190.9 101.2c-9.8-9.3-10-24.8-.4-34.3z\"><\/path><\/svg>\t\t\t<\/span>\n\t\t\t\t\t\t\t\t\t<span class=\"elementor-button-text\">Ricerca Immobile<\/span>\n\t\t\t\t\t<\/span>\n\t\t\t\t\t<\/a>\n\t\t\t\t<\/div>\n\t\t\t\t\t\t\t\t<\/div>\n\t\t\t\t<\/div>\n\t\t\t\t\t<\/div>\n\t\t\t\t<\/div>\n\t\t\t\t\t<\/div>\n\t\t\t\t<\/div>\n\t\t<div class=\"elementor-element elementor-element-443a78b e-flex e-con-boxed e-con e-parent\" data-id=\"443a78b\" data-element_type=\"container\" data-e-type=\"container\" data-settings=\"{&quot;background_background&quot;:&quot;classic&quot;}\">\n\t\t\t\t\t<div class=\"e-con-inner\">\n\t\t<div class=\"elementor-element elementor-element-2bdfa77 e-con-full e-flex e-con e-child\" data-id=\"2bdfa77\" data-element_type=\"container\" data-e-type=\"container\">\n\t\t\t\t<div class=\"elementor-element elementor-element-e0aa267 elementor-widget elementor-widget-text-editor\" data-id=\"e0aa267\" data-element_type=\"widget\" data-e-type=\"widget\" data-widget_type=\"text-editor.default\">\n\t\t\t\t<div class=\"elementor-widget-container\">\n\t\t\t\t\t\t\t\t\t<p>Scegli tu quando contattarci.<\/p><p>Se devi vendere, affittare o capire come gestire un tuo immobile; se stai cercando la tua nuova casa ed hai individuato quella giusta per te; scrivici, sarai ricontattato per fissare un incontro conoscitivo per aiutarti.<\/p>\t\t\t\t\t\t\t\t<\/div>\n\t\t\t\t<\/div>\n\t\t\t\t<\/div>\n\t\t<div class=\"elementor-element elementor-element-d8260bd e-con-full e-flex e-con e-child\" data-id=\"d8260bd\" data-element_type=\"container\" data-e-type=\"container\" data-settings=\"{&quot;background_background&quot;:&quot;classic&quot;}\">\n\t\t\t\t<div class=\"elementor-element elementor-element-b8630c8 elementor-button-align-center elementor-widget elementor-widget-form\" data-id=\"b8630c8\" data-element_type=\"widget\" data-e-type=\"widget\" data-settings=\"{&quot;step_next_label&quot;:&quot;Successivo&quot;,&quot;step_previous_label&quot;:&quot;Precedente&quot;,&quot;button_width&quot;:&quot;100&quot;,&quot;step_type&quot;:&quot;number_text&quot;,&quot;step_icon_shape&quot;:&quot;circle&quot;}\" data-widget_type=\"form.default\">\n\t\t\t\t<div class=\"elementor-widget-container\">\n\t\t\t\t\t        <input type=\"hidden\" class=\"conditional_logic_data_js hidden\" data-form-id=\"Consulenza Immobiliare\" value=\"[]\" \/>\r\n\t\t<form class=\"elementor-form\" method=\"post\" name=\"Consulenza Immobiliare\" aria-label=\"Consulenza Immobiliare\">\n\t\t\t<input type=\"hidden\" name=\"post_id\" value=\"478\"\/>\n\t\t\t<input type=\"hidden\" name=\"form_id\" value=\"b8630c8\"\/>\n\t\t\t<input type=\"hidden\" name=\"referer_title\" value=\"Consulenza Immobiliare - Obiettivo Casa\" \/>\n\n\t\t\t\t\t\t\t<input type=\"hidden\" name=\"queried_id\" value=\"478\"\/>\n\t\t\t\n\t\t\t<div class=\"elementor-form-fields-wrapper elementor-labels-above\">\n\t\t\t\t\t\t\t\t<div class=\"elementor-field-type-text elementor-field-group elementor-column elementor-field-group-name elementor-col-100\">\n\t\t\t\t\t\t\t\t\t\t\t\t<label for=\"form-field-name\" class=\"elementor-field-label\">\n\t\t\t\t\t\t\t\tNome\t\t\t\t\t\t\t<\/label>\n\t\t\t\t\t\t\t\t\t\t\t\t\t\t<input size=\"1\" type=\"text\" name=\"form_fields[name]\" id=\"form-field-name\" class=\"elementor-field elementor-size-md  elementor-field-textual\" placeholder=\"Nome\">\n\t\t\t\t\t\t\t\t\t\t\t<\/div>\n\t\t\t\t\t\t\t\t<div class=\"elementor-field-type-email elementor-field-group elementor-column elementor-field-group-email elementor-col-100 elementor-field-required elementor-mark-required\">\n\t\t\t\t\t\t\t\t\t\t\t\t<label for=\"form-field-email\" class=\"elementor-field-label\">\n\t\t\t\t\t\t\t\tEmail\t\t\t\t\t\t\t<\/label>\n\t\t\t\t\t\t\t\t\t\t\t\t\t\t<input size=\"1\" type=\"email\" name=\"form_fields[email]\" id=\"form-field-email\" class=\"elementor-field elementor-size-md  elementor-field-textual\" placeholder=\"Email\" required=\"required\">\n\t\t\t\t\t\t\t\t\t\t\t<\/div>\n\t\t\t\t\t\t\t\t<div class=\"elementor-field-type-textarea elementor-field-group elementor-column elementor-field-group-message elementor-col-100\">\n\t\t\t\t\t\t\t\t\t\t\t\t<label for=\"form-field-message\" class=\"elementor-field-label\">\n\t\t\t\t\t\t\t\tMessaggio\t\t\t\t\t\t\t<\/label>\n\t\t\t\t\t\t<textarea class=\"elementor-field-textual elementor-field  elementor-size-md\" name=\"form_fields[message]\" id=\"form-field-message\" rows=\"4\" placeholder=\"Messaggio\"><\/textarea>\t\t\t\t<\/div>\n\t\t\t\t\t\t\t\t<div class=\"elementor-field-type-acceptance elementor-field-group elementor-column elementor-field-group-field_87b3a0c elementor-col-100 elementor-field-required elementor-mark-required\">\n\t\t\t\t\t\t\t\t\t\t\t\t<label for=\"form-field-field_87b3a0c\" class=\"elementor-field-label\">\n\t\t\t\t\t\t\t\tPrivacy Policy\t\t\t\t\t\t\t<\/label>\n\t\t\t\t\t\t\t\t<div class=\"elementor-field-subgroup\">\n\t\t\t<span class=\"elementor-field-option\">\n\t\t\t\t<input type=\"checkbox\" name=\"form_fields[field_87b3a0c]\" id=\"form-field-field_87b3a0c\" class=\"elementor-field elementor-size-md  elementor-acceptance-field\" required=\"required\">\n\t\t\t\t<label for=\"form-field-field_87b3a0c\">Bisogna accettare la Privacy Policy per poter andare avanti<\/label>\t\t\t<\/span>\n\t\t<\/div>\n\t\t\t\t\t\t<\/div>\n\t\t\t\t\t\t\t\t<div class=\"elementor-field-group elementor-column elementor-field-type-submit elementor-col-100 e-form__buttons\">\n\t\t\t\t\t<button class=\"elementor-button elementor-size-xl\" type=\"submit\">\n\t\t\t\t\t\t<span class=\"elementor-button-content-wrapper\">\n\t\t\t\t\t\t\t\t\t\t\t\t\t\t\t\t\t\t\t\t\t\t<span class=\"elementor-button-text\">Invia<\/span>\n\t\t\t\t\t\t\t\t\t\t\t\t\t<\/span>\n\t\t\t\t\t<\/button>\n\t\t\t\t<\/div>\n\t\t\t<\/div>\n\t\t<\/form>\n\t\t\t\t\t\t<\/div>\n\t\t\t\t<\/div>\n\t\t\t\t<\/div>\n\t\t\t\t\t<\/div>\n\t\t\t\t<\/div>\n\t\t<div class=\"elementor-element elementor-element-f65256e e-flex e-con-boxed e-con e-parent\" data-id=\"f65256e\" data-element_type=\"container\" data-e-type=\"container\" data-settings=\"{&quot;background_background&quot;:&quot;classic&quot;}\">\n\t\t\t\t\t<div class=\"e-con-inner\">\n\t\t<div class=\"elementor-element elementor-element-cb4e020 e-con-full e-flex e-con e-child\" data-id=\"cb4e020\" data-element_type=\"container\" data-e-type=\"container\">\n\t\t\t\t<\/div>\n\t\t<div class=\"elementor-element elementor-element-7830a70 e-con-full e-flex e-con e-child\" data-id=\"7830a70\" data-element_type=\"container\" data-e-type=\"container\">\n\t\t\t\t<div class=\"elementor-element elementor-element-e68eaab elementor-widget elementor-widget-text-editor\" data-id=\"e68eaab\" data-element_type=\"widget\" data-e-type=\"widget\" data-widget_type=\"text-editor.default\">\n\t\t\t\t<div class=\"elementor-widget-container\">\n\t\t\t\t\t\t\t\t\t<p>Scegli tu quando incontrarci.<\/p><p>Se devi vendere, affittare o capire come gestire un tuo immobile,scegli quando fissare una consulenza immobiliare, sarai ricontattato 1 giorno per avere conferma dell&#8217;appuntamento.<\/p><p>\u00a0<\/p>\t\t\t\t\t\t\t\t<\/div>\n\t\t\t\t<\/div>\n\t\t\t\t<\/div>\n\t\t\t\t\t<\/div>\n\t\t\t\t<\/div>\n\t\t\t\t<\/div>\n\t\t","protected":false},"excerpt":{"rendered":"<p>Consulenza Immobiliare Chi \u00e8 il Consulente Immobiliare Il consulente immobiliare \u00e8 una figura che spesso viene confusa con l\u2019agente immobiliare. In realt\u00e0, le due figure hanno solo alcuni punti in comune: agiscono entrambi nel mercato immobiliare (in modi complementari) \u00e9 una figura terza che pu\u00f2 garantire l\u2019investimento e supervisionare tutti gli step di una compravendita [&hellip;]<\/p>\n","protected":false},"author":1,"featured_media":0,"parent":0,"menu_order":0,"comment_status":"closed","ping_status":"closed","template":"elementor_header_footer","meta":{"_acf_changed":false,"footnotes":""},"class_list":["post-478","page","type-page","status-publish","hentry"],"acf":[],"yoast_head":"<!-- This site is optimized with the Yoast SEO plugin v27.3 - https:\/\/yoast.com\/product\/yoast-seo-wordpress\/ -->\n<title>Consulenza Immobiliare - Obiettivo Casa<\/title>\n<meta name=\"robots\" content=\"index, follow, max-snippet:-1, max-image-preview:large, max-video-preview:-1\" \/>\n<link rel=\"canonical\" href=\"https:\/\/obiettivocasapisa.it\/index.php\/consulenza-immobiliare\/\" \/>\n<meta property=\"og:locale\" content=\"it_IT\" \/>\n<meta property=\"og:type\" content=\"article\" \/>\n<meta property=\"og:title\" content=\"Consulenza Immobiliare - Obiettivo Casa\" \/>\n<meta property=\"og:description\" content=\"Consulenza Immobiliare Chi \u00e8 il Consulente Immobiliare Il consulente immobiliare \u00e8 una figura che spesso viene confusa con l\u2019agente immobiliare. In realt\u00e0, le due figure hanno solo alcuni punti in comune: agiscono entrambi nel mercato immobiliare (in modi complementari) \u00e9 una figura terza che pu\u00f2 garantire l\u2019investimento e supervisionare tutti gli step di una compravendita [&hellip;]\" \/>\n<meta property=\"og:url\" content=\"https:\/\/obiettivocasapisa.it\/index.php\/consulenza-immobiliare\/\" \/>\n<meta property=\"og:site_name\" content=\"Obiettivo Casa\" \/>\n<meta property=\"article:modified_time\" content=\"2024-07-23T22:17:59+00:00\" \/>\n<meta name=\"twitter:card\" content=\"summary_large_image\" \/>\n<meta name=\"twitter:label1\" content=\"Tempo di lettura stimato\" \/>\n\t<meta name=\"twitter:data1\" content=\"2 minuti\" \/>\n<script type=\"application\/ld+json\" class=\"yoast-schema-graph\">{\"@context\":\"https:\\\/\\\/schema.org\",\"@graph\":[{\"@type\":\"WebPage\",\"@id\":\"https:\\\/\\\/obiettivocasapisa.it\\\/index.php\\\/consulenza-immobiliare\\\/\",\"url\":\"https:\\\/\\\/obiettivocasapisa.it\\\/index.php\\\/consulenza-immobiliare\\\/\",\"name\":\"Consulenza Immobiliare - Obiettivo Casa\",\"isPartOf\":{\"@id\":\"https:\\\/\\\/obiettivocasapisa.it\\\/#website\"},\"datePublished\":\"2023-09-12T00:25:07+00:00\",\"dateModified\":\"2024-07-23T22:17:59+00:00\",\"breadcrumb\":{\"@id\":\"https:\\\/\\\/obiettivocasapisa.it\\\/index.php\\\/consulenza-immobiliare\\\/#breadcrumb\"},\"inLanguage\":\"it-IT\",\"potentialAction\":[{\"@type\":\"ReadAction\",\"target\":[\"https:\\\/\\\/obiettivocasapisa.it\\\/index.php\\\/consulenza-immobiliare\\\/\"]}]},{\"@type\":\"BreadcrumbList\",\"@id\":\"https:\\\/\\\/obiettivocasapisa.it\\\/index.php\\\/consulenza-immobiliare\\\/#breadcrumb\",\"itemListElement\":[{\"@type\":\"ListItem\",\"position\":1,\"name\":\"Home\",\"item\":\"https:\\\/\\\/obiettivocasapisa.it\\\/\"},{\"@type\":\"ListItem\",\"position\":2,\"name\":\"Consulenza Immobiliare\"}]},{\"@type\":\"WebSite\",\"@id\":\"https:\\\/\\\/obiettivocasapisa.it\\\/#website\",\"url\":\"https:\\\/\\\/obiettivocasapisa.it\\\/\",\"name\":\"Obiettivo Casa\",\"description\":\"Un sogno che coltiviamo fin da piccoli\",\"publisher\":{\"@id\":\"https:\\\/\\\/obiettivocasapisa.it\\\/#organization\"},\"potentialAction\":[{\"@type\":\"SearchAction\",\"target\":{\"@type\":\"EntryPoint\",\"urlTemplate\":\"https:\\\/\\\/obiettivocasapisa.it\\\/?s={search_term_string}\"},\"query-input\":{\"@type\":\"PropertyValueSpecification\",\"valueRequired\":true,\"valueName\":\"search_term_string\"}}],\"inLanguage\":\"it-IT\"},{\"@type\":\"Organization\",\"@id\":\"https:\\\/\\\/obiettivocasapisa.it\\\/#organization\",\"name\":\"Obiettivo Casa\",\"url\":\"https:\\\/\\\/obiettivocasapisa.it\\\/\",\"logo\":{\"@type\":\"ImageObject\",\"inLanguage\":\"it-IT\",\"@id\":\"https:\\\/\\\/obiettivocasapisa.it\\\/#\\\/schema\\\/logo\\\/image\\\/\",\"url\":\"https:\\\/\\\/obiettivocasapisa.it\\\/wp-content\\\/uploads\\\/2023\\\/07\\\/NUOVO-Logo-Obiettivo-Casa-con-scritta-02.png\",\"contentUrl\":\"https:\\\/\\\/obiettivocasapisa.it\\\/wp-content\\\/uploads\\\/2023\\\/07\\\/NUOVO-Logo-Obiettivo-Casa-con-scritta-02.png\",\"width\":1360,\"height\":356,\"caption\":\"Obiettivo Casa\"},\"image\":{\"@id\":\"https:\\\/\\\/obiettivocasapisa.it\\\/#\\\/schema\\\/logo\\\/image\\\/\"}}]}<\/script>\n<!-- \/ Yoast SEO plugin. -->","yoast_head_json":{"title":"Consulenza Immobiliare - Obiettivo Casa","robots":{"index":"index","follow":"follow","max-snippet":"max-snippet:-1","max-image-preview":"max-image-preview:large","max-video-preview":"max-video-preview:-1"},"canonical":"https:\/\/obiettivocasapisa.it\/index.php\/consulenza-immobiliare\/","og_locale":"it_IT","og_type":"article","og_title":"Consulenza Immobiliare - Obiettivo Casa","og_description":"Consulenza Immobiliare Chi \u00e8 il Consulente Immobiliare Il consulente immobiliare \u00e8 una figura che spesso viene confusa con l\u2019agente immobiliare. In realt\u00e0, le due figure hanno solo alcuni punti in comune: agiscono entrambi nel mercato immobiliare (in modi complementari) \u00e9 una figura terza che pu\u00f2 garantire l\u2019investimento e supervisionare tutti gli step di una compravendita [&hellip;]","og_url":"https:\/\/obiettivocasapisa.it\/index.php\/consulenza-immobiliare\/","og_site_name":"Obiettivo Casa","article_modified_time":"2024-07-23T22:17:59+00:00","twitter_card":"summary_large_image","twitter_misc":{"Tempo di lettura stimato":"2 minuti"},"schema":{"@context":"https:\/\/schema.org","@graph":[{"@type":"WebPage","@id":"https:\/\/obiettivocasapisa.it\/index.php\/consulenza-immobiliare\/","url":"https:\/\/obiettivocasapisa.it\/index.php\/consulenza-immobiliare\/","name":"Consulenza Immobiliare - Obiettivo Casa","isPartOf":{"@id":"https:\/\/obiettivocasapisa.it\/#website"},"datePublished":"2023-09-12T00:25:07+00:00","dateModified":"2024-07-23T22:17:59+00:00","breadcrumb":{"@id":"https:\/\/obiettivocasapisa.it\/index.php\/consulenza-immobiliare\/#breadcrumb"},"inLanguage":"it-IT","potentialAction":[{"@type":"ReadAction","target":["https:\/\/obiettivocasapisa.it\/index.php\/consulenza-immobiliare\/"]}]},{"@type":"BreadcrumbList","@id":"https:\/\/obiettivocasapisa.it\/index.php\/consulenza-immobiliare\/#breadcrumb","itemListElement":[{"@type":"ListItem","position":1,"name":"Home","item":"https:\/\/obiettivocasapisa.it\/"},{"@type":"ListItem","position":2,"name":"Consulenza Immobiliare"}]},{"@type":"WebSite","@id":"https:\/\/obiettivocasapisa.it\/#website","url":"https:\/\/obiettivocasapisa.it\/","name":"Obiettivo Casa","description":"Un sogno che coltiviamo fin da piccoli","publisher":{"@id":"https:\/\/obiettivocasapisa.it\/#organization"},"potentialAction":[{"@type":"SearchAction","target":{"@type":"EntryPoint","urlTemplate":"https:\/\/obiettivocasapisa.it\/?s={search_term_string}"},"query-input":{"@type":"PropertyValueSpecification","valueRequired":true,"valueName":"search_term_string"}}],"inLanguage":"it-IT"},{"@type":"Organization","@id":"https:\/\/obiettivocasapisa.it\/#organization","name":"Obiettivo Casa","url":"https:\/\/obiettivocasapisa.it\/","logo":{"@type":"ImageObject","inLanguage":"it-IT","@id":"https:\/\/obiettivocasapisa.it\/#\/schema\/logo\/image\/","url":"https:\/\/obiettivocasapisa.it\/wp-content\/uploads\/2023\/07\/NUOVO-Logo-Obiettivo-Casa-con-scritta-02.png","contentUrl":"https:\/\/obiettivocasapisa.it\/wp-content\/uploads\/2023\/07\/NUOVO-Logo-Obiettivo-Casa-con-scritta-02.png","width":1360,"height":356,"caption":"Obiettivo Casa"},"image":{"@id":"https:\/\/obiettivocasapisa.it\/#\/schema\/logo\/image\/"}}]}},"_links":{"self":[{"href":"https:\/\/obiettivocasapisa.it\/index.php\/wp-json\/wp\/v2\/pages\/478","targetHints":{"allow":["GET"]}}],"collection":[{"href":"https:\/\/obiettivocasapisa.it\/index.php\/wp-json\/wp\/v2\/pages"}],"about":[{"href":"https:\/\/obiettivocasapisa.it\/index.php\/wp-json\/wp\/v2\/types\/page"}],"author":[{"embeddable":true,"href":"https:\/\/obiettivocasapisa.it\/index.php\/wp-json\/wp\/v2\/users\/1"}],"replies":[{"embeddable":true,"href":"https:\/\/obiettivocasapisa.it\/index.php\/wp-json\/wp\/v2\/comments?post=478"}],"version-history":[{"count":55,"href":"https:\/\/obiettivocasapisa.it\/index.php\/wp-json\/wp\/v2\/pages\/478\/revisions"}],"predecessor-version":[{"id":1706,"href":"https:\/\/obiettivocasapisa.it\/index.php\/wp-json\/wp\/v2\/pages\/478\/revisions\/1706"}],"wp:attachment":[{"href":"https:\/\/obiettivocasapisa.it\/index.php\/wp-json\/wp\/v2\/media?parent=478"}],"curies":[{"name":"wp","href":"https:\/\/api.w.org\/{rel}","templated":true}]}}